{"id":2,"date":"2025-06-08T17:14:09","date_gmt":"2025-06-08T17:14:09","guid":{"rendered":"https:\/\/scrosa.com.br\/?page_id=2"},"modified":"2025-06-11T02:03:40","modified_gmt":"2025-06-11T02:03:40","slug":"sample-page","status":"publish","type":"page","link":"https:\/\/scrosa.com.br\/?page_id=2","title":{"rendered":"quem somos?"},"content":{"rendered":"\n<p><strong>SCROSA ADVOCACIA CORPORATIVA<\/strong><\/p>\n\n\n\n<p>O escrit\u00f3rio SCROSA Advocacia Corporativa destaca-se pela atua\u00e7\u00e3o especializada em solu\u00e7\u00f5es jur\u00eddicas integradas, oferecendo atendimento personalizado e estrat\u00e9gico, especialmente em Direito Empresarial, Tribut\u00e1rio, Civil, Consumidor, Penal Empresarial e Trabalhista.<\/p>\n\n\n\n<p>Sob a dire\u00e7\u00e3o do advogado Marcos Carrilho Rosa, inscrito na OAB-DF sob n\u00ba 41622 e com suplementares em outras Seccionais, o escrit\u00f3rio mant\u00e9m uma forte atua\u00e7\u00e3o em demandas judiciais e consultivas, com destaque para o profundo embasamento em doutrina e jurisprud\u00eancia atualizada dos tribunais superiores, notadamente do Superior Tribunal de Justi\u00e7a (STJ) e Supremo Tribunal Federal (STF).<\/p>\n\n\n\n<p>Com uma abordagem detalhista e rigorosa, SCROSA Advocacia Corporativa assegura aos seus clientes seguran\u00e7a jur\u00eddica e solu\u00e7\u00f5es eficazes, baseadas em fundamentos s\u00f3lidos e atua\u00e7\u00e3o estrat\u00e9gica, promovendo excel\u00eancia em assessoria preventiva, litigiosa e consultiva.<\/p>\n\n\n\n<p>Al\u00e9m da forte compet\u00eancia t\u00e9cnica, o escrit\u00f3rio tamb\u00e9m possui experi\u00eancia destacada no setor de vinhos, gastronomia e opera\u00e7\u00f5es internacionais, especialmente na \u00e1rea de importa\u00e7\u00e3o e exporta\u00e7\u00e3o, combinando expertise jur\u00eddica com profundo conhecimento do mercado, agregando valor significativo aos neg\u00f3cios de seus clientes.<\/p>\n\n\n\n<p>SCROSA Advocacia Corporativa atua como parceiro estrat\u00e9gico de empresas, priorizando clareza, efic\u00e1cia e resultados assertivos em cada desafio enfrentado.<\/p>\n","protected":false},"excerpt":{"rendered":"<p>SCROSA ADVOCACIA CORPORATIVA O escrit\u00f3rio SCROSA Advocacia Corporativa destaca-se pela atua\u00e7\u00e3o especializada em solu\u00e7\u00f5es jur\u00eddicas integradas, oferecendo atendimento personalizado e estrat\u00e9gico, especialmente em Direito Empresarial, Tribut\u00e1rio, Civil, Consumidor, Penal Empresarial e Trabalhista. Sob a dire\u00e7\u00e3o do advogado Marcos Carrilho Rosa, inscrito na OAB-DF sob n\u00ba 41622 e com suplementares em outras Seccionais, o escrit\u00f3rio mant\u00e9m [&hellip;]<\/p>\n","protected":false},"author":1,"featured_media":0,"parent":0,"menu_order":0,"comment_status":"closed","ping_status":"closed","template":"","meta":{"footnotes":""},"class_list":["post-2","page","type-page","status-publish","hentry"],"yoast_head":"<!-- This site is optimized with the Yoast SEO plugin v25.7 - https:\/\/yoast.com\/wordpress\/plugins\/seo\/ -->\n<title>quem somos? - SCROSA Advocacia Corporativa<\/title>\n<meta name=\"robots\" content=\"index, follow, max-snippet:-1, max-image-preview:large, max-video-preview:-1\" \/>\n<link rel=\"canonical\" href=\"https:\/\/scrosa.com.br\/?page_id=2\" \/>\n<meta property=\"og:locale\" content=\"pt_BR\" \/>\n<meta property=\"og:type\" content=\"article\" \/>\n<meta property=\"og:title\" content=\"quem somos? - SCROSA Advocacia Corporativa\" \/>\n<meta property=\"og:description\" content=\"SCROSA ADVOCACIA CORPORATIVA O escrit\u00f3rio SCROSA Advocacia Corporativa destaca-se pela atua\u00e7\u00e3o especializada em solu\u00e7\u00f5es jur\u00eddicas integradas, oferecendo atendimento personalizado e estrat\u00e9gico, especialmente em Direito Empresarial, Tribut\u00e1rio, Civil, Consumidor, Penal Empresarial e Trabalhista. Sob a dire\u00e7\u00e3o do advogado Marcos Carrilho Rosa, inscrito na OAB-DF sob n\u00ba 41622 e com suplementares em outras Seccionais, o escrit\u00f3rio mant\u00e9m [&hellip;]\" \/>\n<meta property=\"og:url\" content=\"https:\/\/scrosa.com.br\/?page_id=2\" \/>\n<meta property=\"og:site_name\" content=\"SCROSA Advocacia Corporativa\" \/>\n<meta property=\"article:modified_time\" content=\"2025-06-11T02:03:40+00:00\" \/>\n<meta name=\"twitter:card\" content=\"summary_large_image\" \/>\n<meta name=\"twitter:label1\" content=\"Est. tempo de leitura\" \/>\n\t<meta name=\"twitter:data1\" content=\"2 minutos\" \/>\n<script type=\"application\/ld+json\" class=\"yoast-schema-graph\">{\"@context\":\"https:\/\/schema.org\",\"@graph\":[{\"@type\":\"WebPage\",\"@id\":\"https:\/\/scrosa.com.br\/?page_id=2\",\"url\":\"https:\/\/scrosa.com.br\/?page_id=2\",\"name\":\"quem somos? - SCROSA Advocacia Corporativa\",\"isPartOf\":{\"@id\":\"https:\/\/scrosa.com.br\/#website\"},\"datePublished\":\"2025-06-08T17:14:09+00:00\",\"dateModified\":\"2025-06-11T02:03:40+00:00\",\"breadcrumb\":{\"@id\":\"https:\/\/scrosa.com.br\/?page_id=2#breadcrumb\"},\"inLanguage\":\"pt-BR\",\"potentialAction\":[{\"@type\":\"ReadAction\",\"target\":[\"https:\/\/scrosa.com.br\/?page_id=2\"]}]},{\"@type\":\"BreadcrumbList\",\"@id\":\"https:\/\/scrosa.com.br\/?page_id=2#breadcrumb\",\"itemListElement\":[{\"@type\":\"ListItem\",\"position\":1,\"name\":\"Home\",\"item\":\"https:\/\/scrosa.com.br\/\"},{\"@type\":\"ListItem\",\"position\":2,\"name\":\"quem somos?\"}]},{\"@type\":\"WebSite\",\"@id\":\"https:\/\/scrosa.com.br\/#website\",\"url\":\"https:\/\/scrosa.com.br\/\",\"name\":\"SCROSA Advocacia Corporativa\",\"description\":\"Protegendo a atividade empresarial desde 2008\",\"publisher\":{\"@id\":\"https:\/\/scrosa.com.br\/#organization\"},\"potentialAction\":[{\"@type\":\"SearchAction\",\"target\":{\"@type\":\"EntryPoint\",\"urlTemplate\":\"https:\/\/scrosa.com.br\/?s={search_term_string}\"},\"query-input\":{\"@type\":\"PropertyValueSpecification\",\"valueRequired\":true,\"valueName\":\"search_term_string\"}}],\"inLanguage\":\"pt-BR\"},{\"@type\":\"Organization\",\"@id\":\"https:\/\/scrosa.com.br\/#organization\",\"name\":\"SCROSA Advocacia Corporativa\",\"url\":\"https:\/\/scrosa.com.br\/\",\"logo\":{\"@type\":\"ImageObject\",\"inLanguage\":\"pt-BR\",\"@id\":\"https:\/\/scrosa.com.br\/#\/schema\/logo\/image\/\",\"url\":\"https:\/\/scrosa.com.br\/wp-content\/uploads\/2025\/06\/cropped-Avatar-Colorido-1.png\",\"contentUrl\":\"https:\/\/scrosa.com.br\/wp-content\/uploads\/2025\/06\/cropped-Avatar-Colorido-1.png\",\"width\":1078,\"height\":1078,\"caption\":\"SCROSA Advocacia Corporativa\"},\"image\":{\"@id\":\"https:\/\/scrosa.com.br\/#\/schema\/logo\/image\/\"}}]}<\/script>\n<!-- \/ Yoast SEO plugin. -->","yoast_head_json":{"title":"quem somos? - SCROSA Advocacia Corporativa","robots":{"index":"index","follow":"follow","max-snippet":"max-snippet:-1","max-image-preview":"max-image-preview:large","max-video-preview":"max-video-preview:-1"},"canonical":"https:\/\/scrosa.com.br\/?page_id=2","og_locale":"pt_BR","og_type":"article","og_title":"quem somos? - SCROSA Advocacia Corporativa","og_description":"SCROSA ADVOCACIA CORPORATIVA O escrit\u00f3rio SCROSA Advocacia Corporativa destaca-se pela atua\u00e7\u00e3o especializada em solu\u00e7\u00f5es jur\u00eddicas integradas, oferecendo atendimento personalizado e estrat\u00e9gico, especialmente em Direito Empresarial, Tribut\u00e1rio, Civil, Consumidor, Penal Empresarial e Trabalhista. Sob a dire\u00e7\u00e3o do advogado Marcos Carrilho Rosa, inscrito na OAB-DF sob n\u00ba 41622 e com suplementares em outras Seccionais, o escrit\u00f3rio mant\u00e9m [&hellip;]","og_url":"https:\/\/scrosa.com.br\/?page_id=2","og_site_name":"SCROSA Advocacia Corporativa","article_modified_time":"2025-06-11T02:03:40+00:00","twitter_card":"summary_large_image","twitter_misc":{"Est. tempo de leitura":"2 minutos"},"schema":{"@context":"https:\/\/schema.org","@graph":[{"@type":"WebPage","@id":"https:\/\/scrosa.com.br\/?page_id=2","url":"https:\/\/scrosa.com.br\/?page_id=2","name":"quem somos? - SCROSA Advocacia Corporativa","isPartOf":{"@id":"https:\/\/scrosa.com.br\/#website"},"datePublished":"2025-06-08T17:14:09+00:00","dateModified":"2025-06-11T02:03:40+00:00","breadcrumb":{"@id":"https:\/\/scrosa.com.br\/?page_id=2#breadcrumb"},"inLanguage":"pt-BR","potentialAction":[{"@type":"ReadAction","target":["https:\/\/scrosa.com.br\/?page_id=2"]}]},{"@type":"BreadcrumbList","@id":"https:\/\/scrosa.com.br\/?page_id=2#breadcrumb","itemListElement":[{"@type":"ListItem","position":1,"name":"Home","item":"https:\/\/scrosa.com.br\/"},{"@type":"ListItem","position":2,"name":"quem somos?"}]},{"@type":"WebSite","@id":"https:\/\/scrosa.com.br\/#website","url":"https:\/\/scrosa.com.br\/","name":"SCROSA Advocacia Corporativa","description":"Protegendo a atividade empresarial desde 2008","publisher":{"@id":"https:\/\/scrosa.com.br\/#organization"},"potentialAction":[{"@type":"SearchAction","target":{"@type":"EntryPoint","urlTemplate":"https:\/\/scrosa.com.br\/?s={search_term_string}"},"query-input":{"@type":"PropertyValueSpecification","valueRequired":true,"valueName":"search_term_string"}}],"inLanguage":"pt-BR"},{"@type":"Organization","@id":"https:\/\/scrosa.com.br\/#organization","name":"SCROSA Advocacia Corporativa","url":"https:\/\/scrosa.com.br\/","logo":{"@type":"ImageObject","inLanguage":"pt-BR","@id":"https:\/\/scrosa.com.br\/#\/schema\/logo\/image\/","url":"https:\/\/scrosa.com.br\/wp-content\/uploads\/2025\/06\/cropped-Avatar-Colorido-1.png","contentUrl":"https:\/\/scrosa.com.br\/wp-content\/uploads\/2025\/06\/cropped-Avatar-Colorido-1.png","width":1078,"height":1078,"caption":"SCROSA Advocacia Corporativa"},"image":{"@id":"https:\/\/scrosa.com.br\/#\/schema\/logo\/image\/"}}]}},"_links":{"self":[{"href":"https:\/\/scrosa.com.br\/index.php?rest_route=\/wp\/v2\/pages\/2","targetHints":{"allow":["GET"]}}],"collection":[{"href":"https:\/\/scrosa.com.br\/index.php?rest_route=\/wp\/v2\/pages"}],"about":[{"href":"https:\/\/scrosa.com.br\/index.php?rest_route=\/wp\/v2\/types\/page"}],"author":[{"embeddable":true,"href":"https:\/\/scrosa.com.br\/index.php?rest_route=\/wp\/v2\/users\/1"}],"replies":[{"embeddable":true,"href":"https:\/\/scrosa.com.br\/index.php?rest_route=%2Fwp%2Fv2%2Fcomments&post=2"}],"version-history":[{"count":1,"href":"https:\/\/scrosa.com.br\/index.php?rest_route=\/wp\/v2\/pages\/2\/revisions"}],"predecessor-version":[{"id":29,"href":"https:\/\/scrosa.com.br\/index.php?rest_route=\/wp\/v2\/pages\/2\/revisions\/29"}],"wp:attachment":[{"href":"https:\/\/scrosa.com.br\/index.php?rest_route=%2Fwp%2Fv2%2Fmedia&parent=2"}],"curies":[{"name":"wp","href":"https:\/\/api.w.org\/{rel}","templated":true}]}}